{"id":22,"date":"2016-09-21T15:49:13","date_gmt":"2016-09-21T18:49:13","guid":{"rendered":"http:\/\/www.cpa.univasf.edu.br\/?page_id=22"},"modified":"2017-07-17T16:57:33","modified_gmt":"2017-07-17T19:57:33","slug":"competencias","status":"publish","type":"page","link":"https:\/\/cpa.univasf.edu.br\/?page_id=22","title":{"rendered":"Compet\u00eancias"},"content":{"rendered":"<p><b><strong>Compete \u00e0 CPA\/UNIVASF:<\/strong><\/b><\/p>\n<p>&nbsp;<\/p>\n<ol>\n<li><b><\/b>Conduzir e responsabilizar-se pela realiza\u00e7\u00e3o das avalia\u00e7\u00f5es do ensino superior ministrado pela UNIVASF;<\/li>\n<li>Definir o calend\u00e1rio anual das suas atividades e o cronograma de cada execu\u00e7\u00e3o da auto-avalia\u00e7\u00e3o institucional, a ser observado em todas as Unidades-Campus da UNIVASF;<\/li>\n<li>Definir os instrumentos a serem utilizados para a avalia\u00e7\u00e3o de cada dimens\u00e3o ou aspecto da atua\u00e7\u00e3o Institucional da UNIVASF, de acordo com as normas estabelecidas pelos \u00f3rg\u00e3os ministeriais de avalia\u00e7\u00e3o do ensino superior;<\/li>\n<li>Propor os instrumentos a serem utilizados para a sensibiliza\u00e7\u00e3o da comunidade acad\u00eamica e para a divulga\u00e7\u00e3o dos resultados das avalia\u00e7\u00f5es realizadas;<\/li>\n<li>Elaborar as normas de funcionamento e o regimento da CAC\/UNIVASF;<\/li>\n<li>Prestar informa\u00e7\u00f5es \u00e0 Reitoria da UNIVASF e aos \u00f3rg\u00e3os de avalia\u00e7\u00e3o do ensino superior, sempre que solicitadas;<\/li>\n<li>Zelar pelo cumprimento do disposto neste Regimento Interno e na legisla\u00e7\u00e3o federal concernente \u00e0 avalia\u00e7\u00e3o do ensino superior.<\/li>\n<\/ol>\n","protected":false},"excerpt":{"rendered":"<p>Compete \u00e0 CPA\/UNIVASF: &nbsp; Conduzir e responsabilizar-se pela realiza\u00e7\u00e3o das avalia\u00e7\u00f5es do ensino superior ministrado pela UNIVASF; Definir o calend\u00e1rio anual das suas atividades e o cronograma de cada execu\u00e7\u00e3o da auto-avalia\u00e7\u00e3o institucional, a ser observado em todas as Unidades-Campus da UNIVASF; Definir os instrumentos a serem utilizados para a avalia\u00e7\u00e3o de cada dimens\u00e3o ou\u2026 <span class=\"read-more\"><a href=\"https:\/\/cpa.univasf.edu.br\/?page_id=22\">Read More &raquo;<\/a><\/span><\/p>\n","protected":false},"author":1,"featured_media":0,"parent":0,"menu_order":0,"comment_status":"closed","ping_status":"closed","template":"","meta":{"_exactmetrics_skip_tracking":false,"_exactmetrics_sitenote_active":false,"_exactmetrics_sitenote_note":"","_exactmetrics_sitenote_category":0,"footnotes":""},"class_list":["post-22","page","type-page","status-publish","hentry"],"_links":{"self":[{"href":"https:\/\/cpa.univasf.edu.br\/index.php?rest_route=\/wp\/v2\/pages\/22","targetHints":{"allow":["GET"]}}],"collection":[{"href":"https:\/\/cpa.univasf.edu.br\/index.php?rest_route=\/wp\/v2\/pages"}],"about":[{"href":"https:\/\/cpa.univasf.edu.br\/index.php?rest_route=\/wp\/v2\/types\/page"}],"author":[{"embeddable":true,"href":"https:\/\/cpa.univasf.edu.br\/index.php?rest_route=\/wp\/v2\/users\/1"}],"replies":[{"embeddable":true,"href":"https:\/\/cpa.univasf.edu.br\/index.php?rest_route=%2Fwp%2Fv2%2Fcomments&post=22"}],"version-history":[{"count":1,"href":"https:\/\/cpa.univasf.edu.br\/index.php?rest_route=\/wp\/v2\/pages\/22\/revisions"}],"predecessor-version":[{"id":23,"href":"https:\/\/cpa.univasf.edu.br\/index.php?rest_route=\/wp\/v2\/pages\/22\/revisions\/23"}],"wp:attachment":[{"href":"https:\/\/cpa.univasf.edu.br\/index.php?rest_route=%2Fwp%2Fv2%2Fmedia&parent=22"}],"curies":[{"name":"wp","href":"https:\/\/api.w.org\/{rel}","templated":true}]}}