{"id":24,"date":"2016-09-21T15:49:45","date_gmt":"2016-09-21T18:49:45","guid":{"rendered":"http:\/\/www.cpa.univasf.edu.br\/?page_id=24"},"modified":"2016-09-21T15:49:45","modified_gmt":"2016-09-21T18:49:45","slug":"legislacao","status":"publish","type":"page","link":"https:\/\/cpa.univasf.edu.br\/?page_id=24","title":{"rendered":"Legisla\u00e7\u00e3o"},"content":{"rendered":"<h2>Legisla\u00e7\u00e3o<\/h2>\n<p><a href=\"https:\/\/cpa.univasf.edu.br\/arquivos\/avaliacaoexterna.pdf\" target=\"_blank\">AVALIA\u00c7\u00c3O EXTERNA DE INSTITUI\u00c7\u00d5ES DE EDUCA\u00c7\u00c3O SUPERIOR<\/a><\/p>\n<p><a href=\"https:\/\/cpa.univasf.edu.br\/arquivos\/diretrizes.pdf\" target=\"_blank\">DIRETRIZES PARA A AVALIA\u00c7\u00c3O DAS INSTITUI\u00c7\u00d5ES DE EDUCA\u00c7\u00c3O SUPERIOR<\/a><\/p>\n<p><a href=\"https:\/\/cpa.univasf.edu.br\/arquivos\/instrumentosdeavaliacao.pdf\" target=\"_blank\">INSTRUMENTO DE AVALIA\u00c7\u00c3O DE CURSOS DE GRADUA\u00c7\u00c3O<\/a><\/p>\n<p><a href=\"http:\/\/download.inep.gov.br\/educacao_superior\/avaliacao_cursos_graduacao\/legislacao_normas\/2016\/nota_tecnica_n10_2016_CGACGIES_DAES_INEP_MEC.pdf\">SISTEMA NACIONAL DE AVALIA\u00c7\u00c3O DA EDUCA\u00c7\u00c3O SUPERIOR (SINAES)<\/a><br \/>\n&nbsp;<\/p>\n<h2>Leis e decretos<\/h2>\n<p><a href=\"https:\/\/cpa.univasf.edu.br\/arquivos\/dec5296.pdf\" target=\"_blank\">DECRETO N\u00ba 5296, DE 2 DE DEZEMBRO DE 2004<\/a><\/p>\n<p><a href=\"https:\/\/cpa.univasf.edu.br\/arquivos\/lein9394.pdf\">LEI N\u00ba 9394, DE 20 DE DEZEMBRO DE 1996<\/a><\/p>\n","protected":false},"excerpt":{"rendered":"<p>Legisla\u00e7\u00e3o AVALIA\u00c7\u00c3O EXTERNA DE INSTITUI\u00c7\u00d5ES DE EDUCA\u00c7\u00c3O SUPERIOR DIRETRIZES PARA A AVALIA\u00c7\u00c3O DAS INSTITUI\u00c7\u00d5ES DE EDUCA\u00c7\u00c3O SUPERIOR INSTRUMENTO DE AVALIA\u00c7\u00c3O DE CURSOS DE GRADUA\u00c7\u00c3O SISTEMA NACIONAL DE AVALIA\u00c7\u00c3O DA EDUCA\u00c7\u00c3O SUPERIOR (SINAES) &nbsp; Leis e decretos DECRETO N\u00ba 5296, DE 2 DE DEZEMBRO DE 2004 LEI N\u00ba 9394, DE 20 DE DEZEMBRO DE 1996<\/p>\n","protected":false},"author":1,"featured_media":0,"parent":0,"menu_order":0,"comment_status":"closed","ping_status":"closed","template":"","meta":{"_exactmetrics_skip_tracking":false,"_exactmetrics_sitenote_active":false,"_exactmetrics_sitenote_note":"","_exactmetrics_sitenote_category":0,"footnotes":""},"class_list":["post-24","page","type-page","status-publish","hentry"],"_links":{"self":[{"href":"https:\/\/cpa.univasf.edu.br\/index.php?rest_route=\/wp\/v2\/pages\/24","targetHints":{"allow":["GET"]}}],"collection":[{"href":"https:\/\/cpa.univasf.edu.br\/index.php?rest_route=\/wp\/v2\/pages"}],"about":[{"href":"https:\/\/cpa.univasf.edu.br\/index.php?rest_route=\/wp\/v2\/types\/page"}],"author":[{"embeddable":true,"href":"https:\/\/cpa.univasf.edu.br\/index.php?rest_route=\/wp\/v2\/users\/1"}],"replies":[{"embeddable":true,"href":"https:\/\/cpa.univasf.edu.br\/index.php?rest_route=%2Fwp%2Fv2%2Fcomments&post=24"}],"version-history":[{"count":1,"href":"https:\/\/cpa.univasf.edu.br\/index.php?rest_route=\/wp\/v2\/pages\/24\/revisions"}],"predecessor-version":[{"id":25,"href":"https:\/\/cpa.univasf.edu.br\/index.php?rest_route=\/wp\/v2\/pages\/24\/revisions\/25"}],"wp:attachment":[{"href":"https:\/\/cpa.univasf.edu.br\/index.php?rest_route=%2Fwp%2Fv2%2Fmedia&parent=24"}],"curies":[{"name":"wp","href":"https:\/\/api.w.org\/{rel}","templated":true}]}}