{"id":34,"date":"2016-09-21T15:52:39","date_gmt":"2016-09-21T18:52:39","guid":{"rendered":"http:\/\/www.cpa.univasf.edu.br\/?page_id=34"},"modified":"2016-09-22T22:55:56","modified_gmt":"2016-09-23T01:55:56","slug":"resolucoes","status":"publish","type":"page","link":"https:\/\/cpa.univasf.edu.br\/?page_id=34","title":{"rendered":"Resolu\u00e7\u00f5es"},"content":{"rendered":"<div class=\"page-header\">\n<h2>Resolu\u00e7\u00f5es &#8211; CONUNI<\/h2>\n<\/div>\n<p><a href=\"https:\/\/cpa.univasf.edu.br\/arquivos\/resolucao_9-2013.pdf\">RESOLU\u00c7\u00c3O N\u00ba 09\/2013<\/a><a href=\"https:\/\/cpa.univasf.edu.br\/?id=73:resolucao-n-09-2013&amp;catid=2\"><br \/>\n<\/a><\/p>\n<p><a href=\"https:\/\/cpa.univasf.edu.br\/arquivos\/resolucao_7-2005.pdf\">RESOLU\u00c7\u00c3O N\u00ba 07 \/ 2005<\/a><\/p>\n<h2 id=\"aui-3-2-0PR1-1172\">Legisla\u00e7\u00e3o e Normas da Educa\u00e7\u00e3o Superior &#8211; INEP<\/h2>\n<h3>2014<\/h3>\n<h3><\/h3>\n<ul id=\"aui-3-2-0PR1-1145\">\n<li id=\"aui-3-2-0PR1-1142\"><a href=\"http:\/\/download.inep.gov.br\/educacao_superior\/avaliacao_cursos_graduacao\/legislacao_normas\/2014\/portaria_normativa_n1_02012014.pdf\" target=\"_blank\">Portaria Normativa n\u00b0 1, de 02 de janeiro de 2014<\/a>\u00a0\u2013 Estabelece o Calend\u00e1rio 2014 de abertura de protocolo de ingresso de processos regulat\u00f3rios no sistema e-MEC.<\/li>\n<\/ul>\n<p>&nbsp;<\/p>\n<h3>2013<\/h3>\n<p>&nbsp;<\/p>\n<ul>\n<li><a href=\"http:\/\/download.inep.gov.br\/educacao_superior\/igc_cpc\/2013\/portaria_igc_cpc.pdf\" target=\"_blank\">Portaria n\u00ba 641, de 22 de outubro de 2013<\/a>\u00a0\u2013 Estabelecer os procedimentos de divulga\u00e7\u00e3o do Conceito Preliminar do Curso (CPC)&nbsp;\n<p>&nbsp;<\/li>\n<li><a href=\"http:\/\/download.inep.gov.br\/educacao_superior\/avaliacao_cursos_graduacao\/legislacao_normas\/2013\/portaria_n689_27112013.pdf\" target=\"_blank\">Portaria n\u00b0 689, de 27 de novembro de 2013<\/a>\u00a0\u2013 Altera\u00e7\u00f5es da portaria n\u00b0 429, de 06 de dezembro de 2012&nbsp;\n<p>&nbsp;<\/li>\n<li><a href=\"http:\/\/download.inep.gov.br\/educacao_superior\/avaliacao_cursos_graduacao\/legislacao_normas\/2013\/portaria_normativa_n24_25112013.pdf\" target=\"_blank\">Portaria Normativa n\u00b0 24, de 25 de novembro de 2013<\/a>\u00a0\u2013 Regulamenta o art. 2\u00b0 do Decreto 8.142 de 21 de novembro de 2013 e o art. 35 do Decreto n\u00b0 5.773 de 9 de maio de 2006, com as altera\u00e7\u00f5es dadas pela reda\u00e7\u00e3o do Decreto n\u00b0 8.142, de 2013&nbsp;\n<p>&nbsp;<\/li>\n<li><a href=\"http:\/\/download.inep.gov.br\/educacao_superior\/avaliacao_cursos_graduacao\/legislacao_normas\/2013\/despacho_do_secretario_de_02012013.pdf\" target=\"_blank\">Despacho do Secretario SERES, de 02 de janeiro de 2013<\/a>\u00a0\u2013 Torna p\u00fablico os crit\u00e9rios para revis\u00e3o da medida imposta pelo Despacho SERES\/MEC n\u00ba 192, de 2012 aos cursos que obtiveram resultado insatisfat\u00f3rio nos CPC referente aos anos de 2008 e 2011, mas que apresentaram tend\u00eancia de melhora em seus indicadores cont\u00ednuos&nbsp;\n<p>&nbsp;<\/li>\n<li><a href=\"http:\/\/download.inep.gov.br\/educacao_superior\/avaliacao_cursos_graduacao\/legislacao_normas\/2013\/instrucao_normativa_n_1_de_14012013.pdf\" target=\"_blank\">Instru\u00e7\u00e3o Normativa SERES n\u00ba 1, de 14 de janeiro de 2013<\/a>\u00a0\u2013\u00a0Disp\u00f5e sobre os procedimentos do fluxo dos processos de regula\u00e7\u00e3o de reconhecimento e renova\u00e7\u00e3o de reconhecimento de cursos na modalidade EaD&nbsp;\n<p>&nbsp;<\/li>\n<li><a href=\"http:\/\/download.inep.gov.br\/educacao_superior\/avaliacao_cursos_graduacao\/legislacao_normas\/2013\/instrucao_normativa_n_2_de_14012013.pdf\" target=\"_blank\">Instru\u00e7\u00e3o Normativa MEC n\u00ba 2, de 14 de janeiro de 2013<\/a>\u00a0\u2013\u00a0Disciplina os procedimentos para os processos de mudan\u00e7a de local de oferta de cursos superiores, na modalidade presencial, oferecidos por Institui\u00e7\u00f5es de Educa\u00e7\u00e3o Superior (IES) sem autonomia universit\u00e1ria do Sistema Federal de Ensino<\/li>\n<\/ul>\n<p>&nbsp;<\/p>\n<ul>\n<li><a href=\"http:\/\/download.inep.gov.br\/educacao_superior\/avaliacao_cursos_graduacao\/legislacao_normas\/2013\/portaria_normativa_n_02_de_01022013.pdf\" target=\"_blank\">Portaria Normativa MEC n\u00ba 2, de 1\u00ba de fevereiro de 2013<\/a>\u00a0\u2013 Estabelece os procedimentos e o padr\u00e3o decis\u00f3rio para os pedidos de autoriza\u00e7\u00e3o dos cursos de gradua\u00e7\u00e3o em medicina ofertados por Institui\u00e7\u00f5es de Educa\u00e7\u00e3o Superior \u2013 IES integrantes do Sistema Federal de Ensino, protocolados no Minist\u00e9rio da Educa\u00e7\u00e3o at\u00e9 o dia 31 de janeiro de 2013<\/li>\n<\/ul>\n<p>&nbsp;<\/p>\n<ul>\n<li><a href=\"http:\/\/download.inep.gov.br\/educacao_superior\/enade\/legislacao\/2013\/portaria_normativa_n6_27032013.pdf\" target=\"_blank\">Portaria Normativa MEC n\u00ba 6, de 27 de mar\u00e7o de 2013<\/a>\u00a0\u2013\u00a0O Exame Nacional de Desempenho dos Estudantes &#8211; ENADE, no ano de 2013, ser\u00e1 aplicado para fins de avalia\u00e7\u00e3o de desempenho dos estudantes dos cursos que conferem diploma de bacharel em Agronomia; Biomedicina; Educa\u00e7\u00e3o F\u00edsica; Enfermagem; Farm\u00e1cia; Fisioterapia; Fonoaudiologia; Medicina; Medicina Veterin\u00e1ria; Nutri\u00e7\u00e3o; Odontologia; Servi\u00e7o Social e Zootecnia. Confere diploma de tecn\u00f3logo em Agroneg\u00f3cio; Gest\u00e3o Hospitalar; Gest\u00e3o Ambiental e Radiologia<\/li>\n<\/ul>\n<p>&nbsp;<\/p>\n<ul>\n<li><a href=\"http:\/\/download.inep.gov.br\/educacao_superior\/avaliacao_cursos_graduacao\/legislacao_normas\/2013\/portaria_conjunta_n_23_de_24052013.pdf\" target=\"_blank\">Portaria Conjunta SESu n\u00ba 23, de 24 de maio de 2013<\/a>\u00a0\u2013\u00a0Autoriza, pelo per\u00edodo de 01 (um) ano, a Funda\u00e7\u00e3o de Apoio \u00e0 Pesquisa Universit\u00e1ria &#8211; FAPEU para atuar como Funda\u00e7\u00e3o de Apoio \u00e0 Universidade Federal da Fronteira Sul &#8211; UFFS<\/li>\n<\/ul>\n<p>&nbsp;<\/p>\n<ul>\n<li><a href=\"http:\/\/download.inep.gov.br\/educacao_superior\/avaliacao_cursos_graduacao\/legislacao_normas\/2013\/instrucao_normativa_n_4_de_31052013.pdf\" target=\"_blank\">Instru\u00e7\u00e3o Normativa SERES n\u00ba 4, de 31 de maio de 2013<\/a>\u00a0\u2013\u00a0Estabelece os crit\u00e9rios para a dispensa de visita de avalia\u00e7\u00e3o in loco pelo Instituto Nacional de Estudos e Pesquisas Educacionais An\u00edsio Teixeira- INEP e o padr\u00e3o decis\u00f3rio para os pedidos de autoriza\u00e7\u00e3o de cursos de gradua\u00e7\u00e3o na modalidade presencial ofertados por institui\u00e7\u00f5es de educa\u00e7\u00e3o superior integrantes do sistema federal de ensino<\/li>\n<\/ul>\n<p>&nbsp;<\/p>\n<ul>\n<li><a href=\"http:\/\/download.inep.gov.br\/educacao_superior\/avaliacao_cursos_graduacao\/legislacao_normas\/2013\/portaria_n_244_de_31052013.pdf\" target=\"_blank\">Portaria SERES n\u00ba 244, de 31 de maio de 2013<\/a>\u00a0\u2013\u00a0Reconhece os cursos superiores na modalidade a dist\u00e2ncia, relacionados no Anexo da Portaria, com as vagas totais anuais nele estabelecidas<\/li>\n<\/ul>\n<p>&nbsp;<\/p>\n<ul>\n<li><a href=\"http:\/\/download.inep.gov.br\/educacao_superior\/avaliacao_cursos_graduacao\/legislacao_normas\/2013\/despachos_do_secretario_n_130_de_062013.pdf\" target=\"_blank\">Despacho do Secret\u00e1rio SERES n\u00ba 130, de 15 de julho de 2013<\/a>\u00a0\u2013\u00a0Disp\u00f5e sobre os par\u00e2metros t\u00e9cnicos fixados pela Secretaria de Regula\u00e7\u00e3o e Supervis\u00e3o da Educa\u00e7\u00e3o Superior para aplica\u00e7\u00e3o de penalidades aos cursos da \u00e1rea da sa\u00fade objetos de processos de supervis\u00e3o em tr\u00e2mite na Diretoria de Supervis\u00e3o da Educa\u00e7\u00e3o Superior<\/li>\n<\/ul>\n<p>&nbsp;<\/p>\n<ul>\n<li><a href=\"http:\/\/download.inep.gov.br\/educacao_superior\/avaliacao_cursos_graduacao\/legislacao_normas\/2013\/portaria_n_794_de_23082013.pdf\" target=\"_blank\">Portaria MEC n\u00ba 794, de 23 de agosto de 2013<\/a>\u00a0\u2013 Disp\u00f5e sobre o Censo da Educa\u00e7\u00e3o Superior<\/li>\n<\/ul>\n<p>&nbsp;<\/p>\n<ul>\n<li><a href=\"http:\/\/download.inep.gov.br\/educacao_superior\/avaliacao_cursos_graduacao\/legislacao_normas\/2013\/portaria_n_520_de_05092013.pdf\" target=\"_blank\">Portaria INEP n\u00ba 520, de 05 de setembro de 2013<\/a>\u00a0\u2013\u00a0Estabelece os procedimentos de divulga\u00e7\u00e3o do Conceito Enade 2012 \u00e0s Institui\u00e7\u00f5es de Educa\u00e7\u00e3o Superior (IES)<\/li>\n<\/ul>\n<h3><\/h3>\n<h3>2012<\/h3>\n<p>&nbsp;<\/p>\n<ul>\n<li><a href=\"http:\/\/download.inep.gov.br\/educacao_superior\/avaliacao_cursos_graduacao\/legislacao_normas\/2012\/portaria_n_61_05marco2012.pdf\" target=\"_blank\">Portaria n\u00b0 61, de 05 de mar\u00e7o de 2012<\/a>: Exclus\u00e3o de avalia\u00e7\u00e3o no Basis<\/li>\n<\/ul>\n<p>&nbsp;<\/p>\n<ul>\n<li><a href=\"http:\/\/download.inep.gov.br\/educacao_superior\/avaliacao_cursos_graduacao\/legislacao_normas\/2012\/portaria_normativa_n_06_14marco2012.pdf\" target=\"_blank\">Portaria Normativa n\u00b0 06, de 14 de mar\u00e7o de 2012<\/a>: Disposi\u00e7\u00f5es sobre os indicadores de qualidade e o Exame Nacional de Desempenho dos Estudantes (ENADE)<\/li>\n<\/ul>\n<p>&nbsp;<\/p>\n<ul>\n<li><a href=\"http:\/\/download.inep.gov.br\/educacao_superior\/avaliacao_cursos_graduacao\/legislacao_normas\/2012\/portaria_n_207_22junho2012.pdf\" target=\"_blank\">Portaria n\u00b0 207,de 22 de junho de 2012<\/a>: Defini\u00e7\u00f5es estabelecidas pela Comiss\u00e3o Assessora da \u00c1rea de Forma\u00e7\u00e3o Geral sobre o ENADE<\/li>\n<\/ul>\n<p>&nbsp;<\/p>\n<ul>\n<li><a href=\"http:\/\/download.inep.gov.br\/educacao_superior\/avaliacao_cursos_graduacao\/legislacao_normas\/2012\/portaria_normativa_n_13_27junho2012.pdf\" target=\"_blank\">Portaria Normativa n\u00b0 13, de 27 de junho de 2012<\/a>: Disposi\u00e7\u00f5es sobre os indicadores de qualidade e o Exame Nacional de Desempenho dos Estudantes (ENADE)<\/li>\n<\/ul>\n<p>&nbsp;<\/p>\n<ul>\n<li><a href=\"http:\/\/download.inep.gov.br\/educacao_superior\/avaliacao_cursos_graduacao\/legislacao_normas\/2012\/portaria_n_1006_10agosto2012.pdf\" target=\"_blank\">Portaria n\u00b0 1.006, de 10 de agosto de 2012<\/a>: Institui o Programa de Aperfei\u00e7oamento dos Processos de Regula\u00e7\u00e3o e Supervis\u00e3o da Educa\u00e7\u00e3o Superior (PARES)<\/li>\n<\/ul>\n<p>&nbsp;<\/p>\n<ul>\n<li><a href=\"http:\/\/download.inep.gov.br\/educacao_superior\/avaliacao_cursos_graduacao\/legislacao_normas\/2012\/portaria_n_386_17outubro2012.pdf\" target=\"_blank\">Portaria n\u00b0 386, de 17 de outubro de 2012<\/a>: Estabelece os procedimentos de divulga\u00e7\u00e3o dos indicadores de qualidade \u00e0s Institui\u00e7\u00f5es de Educa\u00e7\u00e3o Superior (IES)<\/li>\n<\/ul>\n<p>&nbsp;<\/p>\n<ul>\n<li><a href=\"http:\/\/download.inep.gov.br\/educacao_superior\/avaliacao_cursos_graduacao\/legislacao_normas\/2012\/portaria_normativa_n_24_03dezembro2012.pdf\" target=\"_blank\">Portaria Normativa n\u00b0 24, de 03 de dezembro de 2012<\/a>: Altera\u00e7\u00e3o da Portaria Normativa n\u00b0 40<\/li>\n<\/ul>\n<p>&nbsp;<\/p>\n<ul>\n<li><a href=\"http:\/\/download.inep.gov.br\/educacao_superior\/avaliacao_cursos_graduacao\/legislacao_normas\/2012\/despacho_secretaria_n_185_03dezembro2012.pdf\" target=\"_blank\">Despacho da Secret\u00e1ria n\u00b0 185, de 03 de dezembro de 2012<\/a>: Torna p\u00fablico os procedimentos e prazos para renova\u00e7\u00e3o de reconhecimento de cursos de gradua\u00e7\u00e3o, a serem abertos, de of\u00edcio, pela Secretaria de Regula\u00e7\u00e3o e Supervis\u00e3o da Educa\u00e7\u00e3o Superior, tornando como refer\u00eancia o ciclo avaliativo \u2013 ano 2011<\/li>\n<\/ul>\n<p>&nbsp;<\/p>\n<ul>\n<li><a href=\"http:\/\/download.inep.gov.br\/educacao_superior\/avaliacao_cursos_graduacao\/legislacao_normas\/2012\/portaria_n_429_06dezembro2012.pdf\" target=\"_blank\">Portaria n\u00b0 429, de 06 de dezembro de 2012<\/a>: Publica\u00e7\u00e3o dos resultados do \u00cdndice Geral de Cursos Avaliados da Institui\u00e7\u00e3o referente ao ano de 2011 (IGC-2011)<\/li>\n<\/ul>\n<p>&nbsp;<\/p>\n<ul>\n<li><a href=\"http:\/\/download.inep.gov.br\/educacao_superior\/avaliacao_cursos_graduacao\/legislacao_normas\/2012\/despacho_secretario_n_189_06dezembro2012.pdf\" target=\"_blank\">Despacho do Secretario n\u00b0 189, de 06 de dezembro de 2012<\/a>: Desabilita a funcionalidade de abertura de processo de renova\u00e7\u00e3o de reconhecimento no Sistema e-MEC<\/li>\n<\/ul>\n<h3><\/h3>\n<h3>2011<\/h3>\n<p>&nbsp;<\/p>\n<ul>\n<li><a href=\"http:\/\/download.inep.gov.br\/educacao_superior\/avaliacao_cursos_graduacao\/legislacao_normas\/2011\/portaria_INEP_n_21_de_31012011.pdf\" target=\"_blank\">Portaria Inep n\u00ba 21 de 31 de janeiro de 2011<\/a>\u00a0&#8211; Resultados do \u00cdndice Geral de Cursos do ano de 2009 (IGC -2009) e os resultados do Conceito ENADE 2009 e do Conceito Preliminar de Cursos do ano de 2009<\/li>\n<\/ul>\n<p>&nbsp;<\/p>\n<ul>\n<li><a href=\"http:\/\/download.inep.gov.br\/educacao_superior\/avaliacao_cursos_graduacao\/legislacao_normas\/2011\/nota_tecnica%20de_09022011.pdf\" target=\"_blank\">Nota t\u00e9cnica Inep\/SERES, 09 de fevereiro de 2011<\/a>&#8211; Avalia\u00e7\u00e3o de cursos e institui\u00e7\u00f5es no ciclo avaliativo, como referencial para os processos de renova\u00e7\u00e3o de reconhecimento e recredenciamento do sistema nacional de avalia\u00e7\u00e3o da educa\u00e7\u00e3o superior &#8211; Sinaes<\/li>\n<\/ul>\n<p>&nbsp;<\/p>\n<ul>\n<li><a href=\"http:\/\/download.inep.gov.br\/educacao_superior\/avaliacao_cursos_graduacao\/legislacao_normas\/2011\/portaria_normativa_n_08_de_15042011.pdf\" target=\"_blank\">Portaria Normativa MEC n\u00ba 8, de 15 de abril de 2011<\/a>\u00a0&#8211; Institui os cursos que ser\u00e3o avaliados pelo ENADE no ano de 2011 <a href=\"http:\/\/download.inep.gov.br\/educacao_superior\/avaliacao_cursos_graduacao\/legislacao_normas\/2011\/resolucao_n_06_de_08072011.pdf\" target=\"_blank\">Resolu\u00e7\u00e3o CNE\/CES N\u00ba 6, de 08 de julho de 2011<\/a>\u00a0&#8211; Delega\u00e7\u00e3o de compet\u00eancia para a pr\u00e1tica de atos<\/li>\n<\/ul>\n<p>&nbsp;<\/p>\n<ul>\n<li><a href=\"http:\/\/download.inep.gov.br\/educacao_superior\/avaliacao_cursos_graduacao\/legislacao_normas\/2011\/portaria_n_188_de_12072011.pdf\" target=\"_blank\">Portaria Inep N\u00ba 188, de 12 de julho de 2011<\/a>\u00a0&#8211; O Exame Nacional de Desempenho dos Estudantes (Enade), parte integrante do Sistema Nacional de Avalia\u00e7\u00e3o da Educa\u00e7\u00e3o Superior (Sinaes), tem como objetivo geral avaliar o desempenho dos estudantes em rela\u00e7\u00e3o aos conte\u00fados program\u00e1ticos previstos nas diretrizes curriculares, \u00e0s habilidades e compet\u00eancias para a atualiza\u00e7\u00e3o permanente e aos conhecimentos sobre a realidade brasileira, mundial e sobre outras \u00e1reas de conhecimento<\/li>\n<\/ul>\n<p>&nbsp;<\/p>\n<ul>\n<li><a href=\"http:\/\/download.inep.gov.br\/educacao_superior\/avaliacao_cursos_graduacao\/legislacao_normas\/2011\/decreto_n_7590_de_26102011.pdf\" target=\"_blank\">Decreto n\u00ba 7.590, de 26 de outubro de 2011<\/a>\u00a0&#8211; Institui, no \u00e2mbito do Minist\u00e9rio da Educa\u00e7\u00e3o, a Rede e-Tec Brasil com a finalidade de desenvolver a educa\u00e7\u00e3o profissional e tecnol\u00f3gica na modalidade de educa\u00e7\u00e3o a dist\u00e2ncia<\/li>\n<\/ul>\n<p>&nbsp;<\/p>\n<ul>\n<li><a href=\"http:\/\/download.inep.gov.br\/educacao_superior\/avaliacao_cursos_graduacao\/legislacao_normas\/2011\/portaria_n_420_de_16112011.pdf\" target=\"_blank\">Portaria Inep n\u00ba 420, de 16 de novembro de 2011<\/a>\u00a0&#8211; Publica os resultados do \u00cdndice Geral de Cursos Avaliados da Institui\u00e7\u00e3o do ano de 2010 (IGC-2010), os resultados do Conceito ENADE 2010 e do Conceito Preliminar de Cursos do ano de 2010 (CPC-2010)<\/li>\n<\/ul>\n<p>&nbsp;<\/p>\n<ul>\n<li><a href=\"http:\/\/download.inep.gov.br\/educacao_superior\/avaliacao_cursos_graduacao\/legislacao_normas\/2011\/despacho_do_secretario_n_257_de_16122011.pdf\" target=\"_blank\">Despacho do Secret\u00e1rio SERES n\u00ba 257, 16 de dezembro de 2011<\/a>\u00a0&#8211; Torna p\u00fablicos os procedimentos e prazos para renova\u00e7\u00e3o de reconhecimento de cursos de gradua\u00e7\u00e3o e recredenciamento de institui\u00e7\u00f5es de educa\u00e7\u00e3o superior, a serem protocolados tomando como refer\u00eancia os resultados do ciclo avaliativo \u2013 ano 2010<\/li>\n<\/ul>\n<p>&nbsp;<\/p>\n<h3>2010<\/h3>\n<p>&nbsp;<\/p>\n<ul>\n<li><a href=\"http:\/\/download.inep.gov.br\/educacao_superior\/avaliacao_cursos_graduacao\/legislacao_normas\/2010\/resolucao_n_01_de_20012010.pdf\" target=\"_blank\">Resolu\u00e7\u00e3o CNE\/CES n\u00b0 1<\/a>, de 20 de janeiro de 2010 &#8211; Disp\u00f5e sobre normas e procedimentos para credenciamento e recredenciamento de Centros Universit\u00e1rios<\/li>\n<\/ul>\n<p>&nbsp;<\/p>\n<p>&nbsp;<\/p>\n<ul>\n<li>\u00a0<a href=\"http:\/\/download.inep.gov.br\/educacao_superior\/avaliacao_cursos_graduacao\/legislacao_normas\/2010\/resolucao_n_03_de_14102010.pdf\" target=\"_blank\">Resolu\u00e7\u00e3o CNE\/CES n\u00b03<\/a>, de 14 de outubro de 2010 &#8211; Regulamenta o Art. 52 da Lei n\u00ba 9.394, de 20 de dezembro de 1996, e disp\u00f5e sobre normas e procedimentos para credenciamento e recredenciamento de universidades do Sistema Federal de Ensino<\/li>\n<\/ul>\n<p>&nbsp;<\/p>\n<p>&nbsp;<\/p>\n<ul>\n<li><a href=\"http:\/\/download.inep.gov.br\/download\/superior\/2011\/portaria_normativa_n40_12_dezembro_2007.pdf\" target=\"_blank\">Portaria normativa n \u00ba 40<\/a>, de 12 de dezembro de 2007 &#8211; Republicada em 29 de dezembro de 2010<\/li>\n<\/ul>\n","protected":false},"excerpt":{"rendered":"<p>Resolu\u00e7\u00f5es &#8211; CONUNI RESOLU\u00c7\u00c3O N\u00ba 09\/2013 RESOLU\u00c7\u00c3O N\u00ba 07 \/ 2005 Legisla\u00e7\u00e3o e Normas da Educa\u00e7\u00e3o Superior &#8211; INEP 2014 Portaria Normativa n\u00b0 1, de 02 de janeiro de 2014\u00a0\u2013 Estabelece o Calend\u00e1rio 2014 de abertura de protocolo de ingresso de processos regulat\u00f3rios no sistema e-MEC. &nbsp; 2013 &nbsp; Portaria n\u00ba 641, de 22 de\u2026 <span class=\"read-more\"><a href=\"https:\/\/cpa.univasf.edu.br\/?page_id=34\">Read More &raquo;<\/a><\/span><\/p>\n","protected":false},"author":1,"featured_media":0,"parent":0,"menu_order":0,"comment_status":"closed","ping_status":"closed","template":"","meta":{"_exactmetrics_skip_tracking":false,"_exactmetrics_sitenote_active":false,"_exactmetrics_sitenote_note":"","_exactmetrics_sitenote_category":0,"footnotes":""},"class_list":["post-34","page","type-page","status-publish","hentry"],"_links":{"self":[{"href":"https:\/\/cpa.univasf.edu.br\/index.php?rest_route=\/wp\/v2\/pages\/34","targetHints":{"allow":["GET"]}}],"collection":[{"href":"https:\/\/cpa.univasf.edu.br\/index.php?rest_route=\/wp\/v2\/pages"}],"about":[{"href":"https:\/\/cpa.univasf.edu.br\/index.php?rest_route=\/wp\/v2\/types\/page"}],"author":[{"embeddable":true,"href":"https:\/\/cpa.univasf.edu.br\/index.php?rest_route=\/wp\/v2\/users\/1"}],"replies":[{"embeddable":true,"href":"https:\/\/cpa.univasf.edu.br\/index.php?rest_route=%2Fwp%2Fv2%2Fcomments&post=34"}],"version-history":[{"count":3,"href":"https:\/\/cpa.univasf.edu.br\/index.php?rest_route=\/wp\/v2\/pages\/34\/revisions"}],"predecessor-version":[{"id":79,"href":"https:\/\/cpa.univasf.edu.br\/index.php?rest_route=\/wp\/v2\/pages\/34\/revisions\/79"}],"wp:attachment":[{"href":"https:\/\/cpa.univasf.edu.br\/index.php?rest_route=%2Fwp%2Fv2%2Fmedia&parent=34"}],"curies":[{"name":"wp","href":"https:\/\/api.w.org\/{rel}","templated":true}]}}